{"id":30029,"date":"2021-10-29T20:26:04","date_gmt":"2021-10-29T18:26:04","guid":{"rendered":"https:\/\/nutritionhealthfoundation.ch\/?page_id=30029"},"modified":"2024-11-07T10:53:37","modified_gmt":"2024-11-07T09:53:37","slug":"angebot-b2b","status":"publish","type":"page","link":"http:\/\/nutritionhealthfoundation.ch\/de\/angebot-b2b\/","title":{"rendered":"Angebot B2B"},"content":{"rendered":"\n\n\t<section class=\"section\" id=\"section_538715304\">\n\t\t<div class=\"section-bg fill\" >\n\t\t\t\t\t\t\t\t\t\n\t\t\t\n\n\t\t<\/div>\n\n\t\t\n\n\t\t<div class=\"section-content relative\">\n\t\t\t\n\n\t<div id=\"gap-1185650520\" class=\"gap-element clearfix\" style=\"display:block; height:auto;\">\n\t\t\n<style>\n#gap-1185650520 {\n  padding-top: 2em;\n}\n@media (min-width:550px) {\n  #gap-1185650520 {\n    padding-top: 8vh;\n  }\n}\n<\/style>\n\t<\/div>\n\t\n\n<div class=\"row\"  id=\"row-1153712158\">\n\n\n\t<div id=\"col-1560060666\" class=\"col medium-8 small-12 large-8\"  >\n\t\t\t\t<div class=\"col-inner\"  >\n\t\t\t\n\t\t\t\n\n<h1>Booster der Innovation auf solider wissenschaftlicher Grundlage<\/h1>\n<p>Mit ihrem Fachwissen bietet die SNHf zusammen mit ihren Partnern eine einzigartige Plattform f\u00fcr \u201eEnd-to-End&#8220;-Innovationen auf dem Gebiet der N\u00e4hrstoffe und der Gesundheit.<a class=\"button secondary is-underline lowercase button-inline\" href=\"#jump\">Mehr erfahren<\/a><\/p>\n\n\t\t<\/div>\n\t\t\t\t\t<\/div>\n\n\t\n\n<\/div>\n\n\t\t<\/div>\n\n\t\t\n<style>\n#section_538715304 {\n  padding-top: 0px;\n  padding-bottom: 0px;\n}\n@media (min-width:550px) {\n  #section_538715304 {\n    padding-top: 4vh;\n    padding-bottom: 4vh;\n  }\n}\n<\/style>\n\t<\/section>\n\t\n\n  <div class=\"banner has-hover has-parallax\" id=\"banner-157948581\">\n          <div class=\"banner-inner fill\">\n        <div class=\"banner-bg fill\" data-parallax=\"-3\" data-parallax-container=\".banner\" data-parallax-background>\n            <img decoding=\"async\" width=\"1601\" height=\"1069\" data-src=\"http:\/\/nutritionhealthfoundation.ch\/wp-content\/uploads\/swiss_nutrition_aliments.jpg\" class=\"bg attachment-original size-original lazyload\" alt=\"\" src=\"data:image\/svg+xml;base64,PHN2ZyB3aWR0aD0iMSIgaGVpZ2h0PSIxIiB4bWxucz0iaHR0cDovL3d3dy53My5vcmcvMjAwMC9zdmciPjwvc3ZnPg==\" style=\"--smush-placeholder-width: 1601px; --smush-placeholder-aspect-ratio: 1601\/1069;\" \/>                                    \n                    <\/div>\n\t\t\n        <div class=\"banner-layers container\">\n            <div class=\"fill banner-link\"><\/div>            \n\n   <div id=\"text-box-717925790\" class=\"text-box banner-layer text-box-circle hide-for-small x50 md-x50 lg-x50 y5 md-y5 lg-y5 res-text\">\n                                <div class=\"text-box-content text \">\n              \n              <div class=\"text-inner text-center\">\n                  \n\n<h3 class=\"\">Ern\u00e4hrungsstatus<\/h3>\n<p class=\"lead no-margin\" style=\"line-height: 1;\">N\u00e4hrstoffspiegel<\/p>\n<p class=\"lead no-margin\"><img decoding=\"async\" class=\"alignnone  wp-image-29199 lazyload\" data-src=\"https:\/\/nutritionhealthfoundation.ch\/wp-content\/uploads\/roundabout-300x300.png\" alt=\"\" width=\"60\" height=\"60\" data-srcset=\"http:\/\/nutritionhealthfoundation.ch\/wp-content\/uploads\/roundabout-300x300.png 300w, http:\/\/nutritionhealthfoundation.ch\/wp-content\/uploads\/roundabout.png 512w\" data-sizes=\"(max-width: 60px) 100vw, 60px\" src=\"data:image\/svg+xml;base64,PHN2ZyB3aWR0aD0iMSIgaGVpZ2h0PSIxIiB4bWxucz0iaHR0cDovL3d3dy53My5vcmcvMjAwMC9zdmciPjwvc3ZnPg==\" style=\"--smush-placeholder-width: 60px; --smush-placeholder-aspect-ratio: 60\/60;\" \/><\/p>\n<p class=\"lead no-margin\" style=\"line-height: 1;\">Gesundheit<\/p>\n\n              <\/div>\n           <\/div>\n                            \n<style>\n#text-box-717925790 .text-box-content {\n  background-color: rgba(255, 255, 255, 0.85);\n  font-size: 100%;\n}\n#text-box-717925790 {\n  width: 23%;\n}\n<\/style>\n    <\/div>\n \n   <div id=\"text-box-1276793822\" class=\"text-box banner-layer text-box-circle hide-for-small x20 md-x20 lg-x20 y90 md-y90 lg-y90 res-text\">\n                                <div class=\"text-box-content text dark\">\n              \n              <div class=\"text-inner text-center\">\n                  \n\n<h3 class=\"\">Biologie<\/h3>\n<p class=\"lead no-margin\" style=\"line-height: 1;\">Stoffwechsel<br \/>&amp; Biomarker<\/p>\n\n              <\/div>\n           <\/div>\n                            \n<style>\n#text-box-1276793822 .text-box-content {\n  background-color: rgba(8, 81, 136, 0.9);\n  font-size: 100%;\n}\n#text-box-1276793822 {\n  width: 23%;\n}\n<\/style>\n    <\/div>\n \n   <div id=\"text-box-1811372846\" class=\"text-box banner-layer text-box-circle hide-for-small x80 md-x80 lg-x80 y90 md-y90 lg-y90 res-text\">\n                                <div class=\"text-box-content text dark\">\n              \n              <div class=\"text-inner text-center\">\n                  \n\n<h3 class=\"\">Ern\u00e4hrungsprofil<\/h3>\n<p class=\"lead no-margin\" style=\"line-height: 1;\">N\u00e4hrstoffe <br \/>&amp; Bioaktivstoffe<\/p>\n\n              <\/div>\n           <\/div>\n                            \n<style>\n#text-box-1811372846 .text-box-content {\n  background-color: rgba(230, 24, 27, 0.85);\n  font-size: 100%;\n}\n#text-box-1811372846 {\n  width: 23%;\n}\n<\/style>\n    <\/div>\n \n\n        <\/div>\n      <\/div>\n\n            \n<style>\n#banner-157948581 {\n  padding-top: 80%;\n  background-color: rgb(241, 241, 241);\n}\n#banner-157948581 .banner-bg img {\n  object-position: 41% 48%;\n}\n@media (min-width:550px) {\n  #banner-157948581 {\n    padding-top: 55%;\n  }\n}\n<\/style>\n  <\/div>\n\n\n<span class=\"scroll-to\" data-label=\"Scroll to: #jump\" data-bullet=\"false\" data-link=\"#jump\" data-title=\"jump\"><a name=\"jump\"><\/a><\/span>\n\n\n\t<section class=\"section\" id=\"section_702928912\">\n\t\t<div class=\"section-bg fill\" >\n\t\t\t\t\t\t\t\t\t\n\t\t\t\n\n\t\t<\/div>\n\n\t\t\n\n\t\t<div class=\"section-content relative\">\n\t\t\t\n\n<div class=\"row align-center\"  id=\"row-2095009666\">\n\n\n\t<div id=\"col-1508514481\" class=\"col medium-9 small-12 large-9\"  >\n\t\t\t\t<div class=\"col-inner text-center\"  >\n\t\t\t\n\t\t\t\n\n\t<div id=\"text-1431854957\" class=\"text\">\n\t\t\n\n<p>Wir begleiten Sie durch Ihr gesamtes Innovationsprojekt, von der Grundidee \u00fcber den Prototypen bis zur Freigabe. Wir glauben an die Wissenschaft der N\u00e4hrstoffbiologie als Grundlage wenn es darum geht, das N\u00e4hrstoffprofil bestimmter Lebensmittel mit einem ungedeckten N\u00e4hrstoffbedarf abzustimmen. Sie erhalten Zugang zu unseren Analysenplattformen oder wir entwickeln eine speziell auf Ihre Bed\u00fcrfnisse zugeschnittene Analyse &#8211; sei es von Produkten oder zur Bewertung der klinischen Auswirkungen. Wir arbeiten agil und schnell, jedoch niemals auf Kosten wissenschaftlicher Pr\u00e4zision.<\/p>\n\t\t\n<style>\n#text-1431854957 {\n  text-align: left;\n}\n<\/style>\n\t<\/div>\n\t\n\n\t\t<\/div>\n\t\t\t\t\t<\/div>\n\n\t\n\n<\/div>\n\n\t\t<\/div>\n\n\t\t\n<style>\n#section_702928912 {\n  padding-top: 3em;\n  padding-bottom: 3em;\n}\n@media (min-width:550px) {\n  #section_702928912 {\n    padding-top: 16vh;\n    padding-bottom: 16vh;\n  }\n}\n<\/style>\n\t<\/section>\n\t\n\n\t<section class=\"section\" id=\"section_1841522908\">\n\t\t<div class=\"section-bg fill\" >\n\t\t\t\t\t\t\t\t\t\n\t\t\t\n\n\t\t<\/div>\n\n\t\t\n\n\t\t<div class=\"section-content relative\">\n\t\t\t\n\n<div class=\"row row-large\"  id=\"row-641311648\">\n\n\n\t<div id=\"col-2015213415\" class=\"col medium-4 small-12 large-4\"  >\n\t\t\t\t<div class=\"col-inner\"  >\n\t\t\t\n\t\t\t\n\n<h3>Unsere Fachkompetenz<\/h3>\n<p>Unsere spezifische Fachkompetenz liegt in der Analyse von N\u00e4hrstoffen und Mikron\u00e4hrstoffen sowie von nat\u00fcrlichen bioaktiven Verbindungen in Inhaltsstoffen, Lebensmitteln, Getr\u00e4nken, Arzneimitteln und Kosmetika oder auch die Messung und Anayse von Biomarkern f\u00fcr den Ern\u00e4hrungsstatus in verschiedenen biologischen Matrizen.<\/p>\n<a href=\"https:\/\/nutritionhealthfoundation.ch\/de\/kontakt\/\" class=\"button secondary is-underline is-small expand button-full-width right\" >\n\t\t<span>Kontakt<\/span>\n\t<\/a>\n\n\n\n\t\t<\/div>\n\t\t\t\t\t<\/div>\n\n\t\n\n\t<div id=\"col-953172877\" class=\"col medium-8 small-12 large-8 small-col-first\"  >\n\t\t\t\t<div class=\"col-inner\"  >\n\t\t\t\n\t\t\t\n\n\t<div id=\"gap-1911622433\" class=\"gap-element clearfix hide-for-small\" style=\"display:block; height:auto;\">\n\t\t\n<style>\n#gap-1911622433 {\n  padding-top: 4.5em;\n}\n<\/style>\n\t<\/div>\n\t\n\n\t<div class=\"img has-hover x md-x lg-x y md-y lg-y\" id=\"image_1744190859\">\n\t\t\t\t\t\t\t\t<div class=\"img-inner dark\" >\n\t\t\t<img decoding=\"async\" width=\"1020\" height=\"574\" data-src=\"http:\/\/nutritionhealthfoundation.ch\/wp-content\/uploads\/swiss_nutrition_vitamin_a-1200x675.jpg\" class=\"attachment-large size-large lazyload\" alt=\"Etude du statut nutritionnel\" data-srcset=\"http:\/\/nutritionhealthfoundation.ch\/wp-content\/uploads\/swiss_nutrition_vitamin_a-1200x675.jpg 1200w, http:\/\/nutritionhealthfoundation.ch\/wp-content\/uploads\/swiss_nutrition_vitamin_a-800x450.jpg 800w, http:\/\/nutritionhealthfoundation.ch\/wp-content\/uploads\/swiss_nutrition_vitamin_a-768x432.jpg 768w, http:\/\/nutritionhealthfoundation.ch\/wp-content\/uploads\/swiss_nutrition_vitamin_a-1536x864.jpg 1536w, http:\/\/nutritionhealthfoundation.ch\/wp-content\/uploads\/swiss_nutrition_vitamin_a.jpg 1600w\" data-sizes=\"(max-width: 1020px) 100vw, 1020px\" src=\"data:image\/svg+xml;base64,PHN2ZyB3aWR0aD0iMSIgaGVpZ2h0PSIxIiB4bWxucz0iaHR0cDovL3d3dy53My5vcmcvMjAwMC9zdmciPjwvc3ZnPg==\" style=\"--smush-placeholder-width: 1020px; --smush-placeholder-aspect-ratio: 1020\/574;\" \/>\t\t\t\t\t\t\n\t\t\t\t\t<\/div>\n\t\t\t\t\t\t\t\t\n<style>\n#image_1744190859 {\n  width: 100%;\n}\n<\/style>\n\t<\/div>\n\t\n\n\n\t\t<\/div>\n\t\t\t\t\t<\/div>\n\n\t\n\n<\/div>\n\t<div id=\"gap-2004916284\" class=\"gap-element clearfix\" style=\"display:block; height:auto;\">\n\t\t\n<style>\n#gap-2004916284 {\n  padding-top: 3em;\n}\n<\/style>\n\t<\/div>\n\t\n\n<div class=\"row row-large\"  id=\"row-1606884845\">\n\n\n\t<div id=\"col-1120269529\" class=\"col medium-4 small-12 large-4\"  >\n\t\t\t\t<div class=\"col-inner\"  >\n\t\t\t\n\t\t\t\n\n<h3>Zertifizierung<\/h3>\n<p>Eine unabh\u00e4ngige Zertifizierung kann Ihre Produkte von der Konkurrenz abheben und das Vertrauen Ihrer Konsumenten und Partner st\u00e4rken.<\/p>\n<a href=\"https:\/\/nutritionhealthfoundation.ch\/de\/kontakt\/\" class=\"button secondary is-underline is-small expand button-full-width button-full-width right\" >\n\t\t<span>Kontakt<\/span>\n\t<\/a>\n\n\n\n\t\t<\/div>\n\t\t\t\t\t<\/div>\n\n\t\n\n\t<div id=\"col-584561891\" class=\"col medium-8 small-12 large-8 small-col-first\"  >\n\t\t\t\t<div class=\"col-inner\"  >\n\t\t\t\n\t\t\t\n\n\t<div id=\"gap-909316180\" class=\"gap-element clearfix hide-for-small\" style=\"display:block; height:auto;\">\n\t\t\n<style>\n#gap-909316180 {\n  padding-top: 4.5em;\n}\n<\/style>\n\t<\/div>\n\t\n\n\t<div class=\"img has-hover x md-x lg-x y md-y lg-y\" id=\"image_871424015\">\n\t\t\t\t\t\t\t\t<div class=\"img-inner dark\" >\n\t\t\t<img decoding=\"async\" width=\"1020\" height=\"788\" data-src=\"http:\/\/nutritionhealthfoundation.ch\/wp-content\/uploads\/swissnutrition-skincare-seal-of-approval-01.jpg\" class=\"attachment-large size-large lazyload\" alt=\"Swiss Nutrition Seal of Approval\" data-srcset=\"http:\/\/nutritionhealthfoundation.ch\/wp-content\/uploads\/swissnutrition-skincare-seal-of-approval-01.jpg 1073w, http:\/\/nutritionhealthfoundation.ch\/wp-content\/uploads\/swissnutrition-skincare-seal-of-approval-01-800x618.jpg 800w, http:\/\/nutritionhealthfoundation.ch\/wp-content\/uploads\/swissnutrition-skincare-seal-of-approval-01-768x593.jpg 768w\" data-sizes=\"(max-width: 1020px) 100vw, 1020px\" src=\"data:image\/svg+xml;base64,PHN2ZyB3aWR0aD0iMSIgaGVpZ2h0PSIxIiB4bWxucz0iaHR0cDovL3d3dy53My5vcmcvMjAwMC9zdmciPjwvc3ZnPg==\" style=\"--smush-placeholder-width: 1020px; --smush-placeholder-aspect-ratio: 1020\/788;\" \/>\t\t\t\t\t\t\n\t\t\t\t\t<\/div>\n\t\t\t\t\t\t\t\t\n<style>\n#image_871424015 {\n  width: 100%;\n}\n<\/style>\n\t<\/div>\n\t\n\n\n\t\t<\/div>\n\t\t\t\t\t<\/div>\n\n\t\n\n<\/div>\n\t<div id=\"gap-1712055953\" class=\"gap-element clearfix\" style=\"display:block; height:auto;\">\n\t\t\n<style>\n#gap-1712055953 {\n  padding-top: 3em;\n}\n<\/style>\n\t<\/div>\n\t\n\n<div class=\"row row-large\"  id=\"row-538967066\">\n\n\n\t<div id=\"col-1171698929\" class=\"col medium-4 small-12 large-4\"  >\n\t\t\t\t<div class=\"col-inner\"  >\n\t\t\t\n\t\t\t\n\n<h3>Unser Netzwerk<\/h3>\n<p>Profitieren Sie von bew\u00e4hrter Fachkompetenz im Rahmen eines internationalen Netzwerks, das wir ganz nach Ihren Bed\u00fcrfnissen mobilisieren. Wir unterst\u00fctzen Sie beim Aufbau und der Durchf\u00fchrung Ihres Innovationsprojekts.<\/p>\n<a href=\"https:\/\/nutritionhealthfoundation.ch\/de\/kontakt\/\" class=\"button secondary is-underline is-small expand button-full-width button-full-width right\" >\n\t\t<span>Kontakt<\/span>\n\t<\/a>\n\n\n\n\t\t<\/div>\n\t\t\t\t\t<\/div>\n\n\t\n\n\t<div id=\"col-26144975\" class=\"col medium-8 small-12 large-8 small-col-first\"  >\n\t\t\t\t<div class=\"col-inner\"  >\n\t\t\t\n\t\t\t\n\n\t<div id=\"gap-1823419485\" class=\"gap-element clearfix hide-for-small\" style=\"display:block; height:auto;\">\n\t\t\n<style>\n#gap-1823419485 {\n  padding-top: 4.5em;\n}\n<\/style>\n\t<\/div>\n\t\n\n\t<div class=\"img has-hover x md-x lg-x y md-y lg-y\" id=\"image_658445733\">\n\t\t\t\t\t\t\t\t<div class=\"img-inner dark\" >\n\t\t\t<img decoding=\"async\" width=\"1020\" height=\"719\" data-src=\"http:\/\/nutritionhealthfoundation.ch\/wp-content\/uploads\/swissnutrition-network-01-1200x846.jpg\" class=\"attachment-large size-large lazyload\" alt=\"Swiss Nutrition and Health Network\" data-srcset=\"http:\/\/nutritionhealthfoundation.ch\/wp-content\/uploads\/swissnutrition-network-01-1200x846.jpg 1200w, http:\/\/nutritionhealthfoundation.ch\/wp-content\/uploads\/swissnutrition-network-01-800x564.jpg 800w, http:\/\/nutritionhealthfoundation.ch\/wp-content\/uploads\/swissnutrition-network-01-768x541.jpg 768w, http:\/\/nutritionhealthfoundation.ch\/wp-content\/uploads\/swissnutrition-network-01-1536x1083.jpg 1536w, http:\/\/nutritionhealthfoundation.ch\/wp-content\/uploads\/swissnutrition-network-01.jpg 1600w\" data-sizes=\"(max-width: 1020px) 100vw, 1020px\" src=\"data:image\/svg+xml;base64,PHN2ZyB3aWR0aD0iMSIgaGVpZ2h0PSIxIiB4bWxucz0iaHR0cDovL3d3dy53My5vcmcvMjAwMC9zdmciPjwvc3ZnPg==\" style=\"--smush-placeholder-width: 1020px; --smush-placeholder-aspect-ratio: 1020\/719;\" \/>\t\t\t\t\t\t\n\t\t\t\t\t<\/div>\n\t\t\t\t\t\t\t\t\n<style>\n#image_658445733 {\n  width: 100%;\n}\n<\/style>\n\t<\/div>\n\t\n\n\n\t\t<\/div>\n\t\t\t\t\t<\/div>\n\n\t\n\n<\/div>\n\n\t\t<\/div>\n\n\t\t\n<style>\n#section_1841522908 {\n  padding-top: 30px;\n  padding-bottom: 30px;\n}\n<\/style>\n\t<\/section>\n\t\n\n\t<section class=\"section\" id=\"section_882659626\">\n\t\t<div class=\"section-bg fill\" >\n\t\t\t\t\t\t\t\t\t\n\t\t\t\n\n\t\t<\/div>\n\n\t\t\n\n\t\t<div class=\"section-content relative\">\n\t\t\t\n\n\n\t<section class=\"section\" id=\"section_1474205695\">\n\t\t<div class=\"section-bg fill\" >\n\t\t\t\t\t\t\t\t\t\n\t\t\t\n\n\t\t<\/div>\n\n\t\t\n\n\t\t<div class=\"section-content relative\">\n\t\t\t\r\n\r\n<div class=\"row\"  id=\"row-276609861\">\r\n\r\n\n\t<div id=\"col-911261471\" class=\"col small-12 large-12\"  >\n\t\t\t\t<div class=\"col-inner\"  >\n\t\t\t\n\t\t\t\r\n\r\n\t<div id=\"text-1226384669\" class=\"text\">\n\t\t\r\n<h2>J\u00fcngste Projekte<\/h2>\r\n\t\t\n<style>\n#text-1226384669 {\n  text-align: center;\n}\n<\/style>\n\t<\/div>\n\t\r\n\t<div id=\"gap-1350498772\" class=\"gap-element clearfix\" style=\"display:block; height:auto;\">\n\t\t\n<style>\n#gap-1350498772 {\n  padding-top: 3%;\n}\n<\/style>\n\t<\/div>\n\t\r\n\r\n<div class=\"row\"  id=\"row-2141586434\">\r\n\r\n\n\t<div id=\"col-1329540924\" class=\"col small-12 large-12\"  >\n\t\t\t\t<div class=\"col-inner\"  >\n\t\t\t\n\t\t\t\r\n\r\n<div id=\"portfolio-766571936\" class=\"portfolio-element-wrapper has-filtering\">\n  \n    <div class=\"row large-columns-3 medium-columns- small-columns-2 row-small\" >\n    <div class=\"col\" data-terms=\"\" >\n          <div class=\"col-inner\" >\n          <a href=\"http:\/\/nutritionhealthfoundation.ch\/de\/projets\/vitamin-d-in-manche-fischsorten-im-genfersee\/\" class=\"plain \">\n          <div class=\"portfolio-box box has-hover box-normal\">\n            <div class=\"box-image\" >\n                <div class=\"image-zoom image-cover\" style=\"padding-top:56.25%;\">\n                <img decoding=\"async\" width=\"300\" height=\"193\" data-src=\"http:\/\/nutritionhealthfoundation.ch\/wp-content\/uploads\/PoissonsDesLacs-300x193.jpg\" class=\"attachment-medium size-medium lazyload\" alt=\"\" data-srcset=\"http:\/\/nutritionhealthfoundation.ch\/wp-content\/uploads\/PoissonsDesLacs-300x193.jpg 300w, http:\/\/nutritionhealthfoundation.ch\/wp-content\/uploads\/PoissonsDesLacs-1024x659.jpg 1024w, http:\/\/nutritionhealthfoundation.ch\/wp-content\/uploads\/PoissonsDesLacs-768x495.jpg 768w, http:\/\/nutritionhealthfoundation.ch\/wp-content\/uploads\/PoissonsDesLacs-1536x989.jpg 1536w, http:\/\/nutritionhealthfoundation.ch\/wp-content\/uploads\/PoissonsDesLacs.jpg 1567w\" data-sizes=\"(max-width: 300px) 100vw, 300px\" src=\"data:image\/svg+xml;base64,PHN2ZyB3aWR0aD0iMSIgaGVpZ2h0PSIxIiB4bWxucz0iaHR0cDovL3d3dy53My5vcmcvMjAwMC9zdmciPjwvc3ZnPg==\" style=\"--smush-placeholder-width: 300px; --smush-placeholder-aspect-ratio: 300\/193;\" \/>                                                <\/div>\n            <\/div>\n            <div class=\"box-text text-left\" >\n                  <div class=\"box-text-inner\">\n                      <h6 class=\"uppercase portfolio-box-title\">Vitamin D in manchen Fischsorten im Genfersee<\/h6>\n                      <p class=\"uppercase portfolio-box-category is-xsmall op-6\">\n                        <span class=\"show-on-hover\">\n                                                 <\/span>\n                      <\/p>\n                  <\/div>\n            <\/div>\n           <\/div>\n           <\/a>\n           <\/div>\n           <\/div><div class=\"col\" data-terms=\"\" >\n          <div class=\"col-inner\" >\n          <a href=\"http:\/\/nutritionhealthfoundation.ch\/de\/projets\/landesweite-studie-zur-untersuchung-des-ernaehrungsstatus-von-kindern-und-jugendlichen\/\" class=\"plain \">\n          <div class=\"portfolio-box box has-hover box-normal\">\n            <div class=\"box-image\" >\n                <div class=\"image-zoom image-cover\" style=\"padding-top:56.25%;\">\n                <img decoding=\"async\" width=\"800\" height=\"533\" data-src=\"http:\/\/nutritionhealthfoundation.ch\/wp-content\/uploads\/Fille-pasteque-800x533-1.webp\" class=\"attachment-medium size-medium lazyload\" alt=\"\" data-srcset=\"http:\/\/nutritionhealthfoundation.ch\/wp-content\/uploads\/Fille-pasteque-800x533-1.webp 800w, http:\/\/nutritionhealthfoundation.ch\/wp-content\/uploads\/Fille-pasteque-800x533-1-768x512.webp 768w\" data-sizes=\"(max-width: 800px) 100vw, 800px\" src=\"data:image\/svg+xml;base64,PHN2ZyB3aWR0aD0iMSIgaGVpZ2h0PSIxIiB4bWxucz0iaHR0cDovL3d3dy53My5vcmcvMjAwMC9zdmciPjwvc3ZnPg==\" style=\"--smush-placeholder-width: 800px; --smush-placeholder-aspect-ratio: 800\/533;\" \/>                                                <\/div>\n            <\/div>\n            <div class=\"box-text text-left\" >\n                  <div class=\"box-text-inner\">\n                      <h6 class=\"uppercase portfolio-box-title\">Landesweite Studie zur Untersuchung des Ern\u00e4hrungsstatus von Kindern und Jugendlichen<\/h6>\n                      <p class=\"uppercase portfolio-box-category is-xsmall op-6\">\n                        <span class=\"show-on-hover\">\n                                                 <\/span>\n                      <\/p>\n                  <\/div>\n            <\/div>\n           <\/div>\n           <\/a>\n           <\/div>\n           <\/div><div class=\"col\" data-terms=\"\" >\n          <div class=\"col-inner\" >\n          <a href=\"http:\/\/nutritionhealthfoundation.ch\/de\/projets\/europaeisches-projekt-nutrishield-zur-analyse-von-muttermilch\/\" class=\"plain \">\n          <div class=\"portfolio-box box has-hover box-normal\">\n            <div class=\"box-image\" >\n                <div class=\"image-zoom image-cover\" style=\"padding-top:56.25%;\">\n                <img decoding=\"async\" width=\"800\" height=\"450\" data-src=\"http:\/\/nutritionhealthfoundation.ch\/wp-content\/uploads\/nutrishield-800x450.jpeg\" class=\"attachment-medium size-medium lazyload\" alt=\"\" data-srcset=\"http:\/\/nutritionhealthfoundation.ch\/wp-content\/uploads\/nutrishield-800x450.jpeg 800w, http:\/\/nutritionhealthfoundation.ch\/wp-content\/uploads\/nutrishield-768x432.jpeg 768w, http:\/\/nutritionhealthfoundation.ch\/wp-content\/uploads\/nutrishield.jpeg 1200w\" data-sizes=\"(max-width: 800px) 100vw, 800px\" src=\"data:image\/svg+xml;base64,PHN2ZyB3aWR0aD0iMSIgaGVpZ2h0PSIxIiB4bWxucz0iaHR0cDovL3d3dy53My5vcmcvMjAwMC9zdmciPjwvc3ZnPg==\" style=\"--smush-placeholder-width: 800px; --smush-placeholder-aspect-ratio: 800\/450;\" \/>                                                <\/div>\n            <\/div>\n            <div class=\"box-text text-left\" >\n                  <div class=\"box-text-inner\">\n                      <h6 class=\"uppercase portfolio-box-title\">Europ\u00e4isches Projekt Nutrishield zur Analyse von Muttermilch<\/h6>\n                      <p class=\"uppercase portfolio-box-category is-xsmall op-6\">\n                        <span class=\"show-on-hover\">\n                                                 <\/span>\n                      <\/p>\n                  <\/div>\n            <\/div>\n           <\/div>\n           <\/a>\n           <\/div>\n           <\/div><\/div><\/div>\r\n\r\n\t\t<\/div>\n\t\t\t\t\t<\/div>\n\n\t\r\n\r\n<\/div>\r\n\r\n\t\t<\/div>\n\t\t\t\t\t<\/div>\n\n\t\r\n\r\n<\/div>\r\n\r\n\t\t<\/div>\n\n\t\t\n<style>\n#section_1474205695 {\n  padding-top: 0px;\n  padding-bottom: 0px;\n}\n<\/style>\n\t<\/section>\n\t\n\n\n\t\t<\/div>\n\n\t\t\n<style>\n#section_882659626 {\n  padding-top: 5em;\n  padding-bottom: 5em;\n}\n<\/style>\n\t<\/section>\n\t\n\n","protected":false},"excerpt":{"rendered":"","protected":false},"author":1,"featured_media":0,"parent":0,"menu_order":0,"comment_status":"closed","ping_status":"closed","template":"","meta":{"inline_featured_image":false,"footnotes":""},"class_list":["post-30029","page","type-page","status-publish","hentry"],"_links":{"self":[{"href":"http:\/\/nutritionhealthfoundation.ch\/de\/wp-json\/wp\/v2\/pages\/30029","targetHints":{"allow":["GET"]}}],"collection":[{"href":"http:\/\/nutritionhealthfoundation.ch\/de\/wp-json\/wp\/v2\/pages"}],"about":[{"href":"http:\/\/nutritionhealthfoundation.ch\/de\/wp-json\/wp\/v2\/types\/page"}],"author":[{"embeddable":true,"href":"http:\/\/nutritionhealthfoundation.ch\/de\/wp-json\/wp\/v2\/users\/1"}],"replies":[{"embeddable":true,"href":"http:\/\/nutritionhealthfoundation.ch\/de\/wp-json\/wp\/v2\/comments?post=30029"}],"version-history":[{"count":0,"href":"http:\/\/nutritionhealthfoundation.ch\/de\/wp-json\/wp\/v2\/pages\/30029\/revisions"}],"wp:attachment":[{"href":"http:\/\/nutritionhealthfoundation.ch\/de\/wp-json\/wp\/v2\/media?parent=30029"}],"curies":[{"name":"wp","href":"https:\/\/api.w.org\/{rel}","templated":true}]}}