{"id":30037,"date":"2021-10-29T20:25:36","date_gmt":"2021-10-29T18:25:36","guid":{"rendered":"https:\/\/nutritionhealthfoundation.ch\/?page_id=30037"},"modified":"2024-11-07T10:53:33","modified_gmt":"2024-11-07T09:53:33","slug":"fe","status":"publish","type":"page","link":"http:\/\/nutritionhealthfoundation.ch\/de\/fe\/","title":{"rendered":"F&#038;E"},"content":{"rendered":"\n\n\t<section class=\"section\" id=\"section_1679365967\">\n\t\t<div class=\"section-bg fill\" >\n\t\t\t\t\t\t\t\t\t\n\t\t\t\n\n\t\t<\/div>\n\n\t\t\n\n\t\t<div class=\"section-content relative\">\n\t\t\t\n\n\t<div id=\"gap-1242036377\" class=\"gap-element clearfix\" style=\"display:block; height:auto;\">\n\t\t\n<style>\n#gap-1242036377 {\n  padding-top: 2em;\n}\n@media (min-width:550px) {\n  #gap-1242036377 {\n    padding-top: 8vh;\n  }\n}\n<\/style>\n\t<\/div>\n\t\n\n<div class=\"row\"  id=\"row-1219372738\">\n\n\n\t<div id=\"col-2053880726\" class=\"col medium-8 small-12 large-8\"  >\n\t\t\t\t<div class=\"col-inner\"  >\n\t\t\t\n\t\t\t\n\n<h1>Ihr  Partner f\u00fcr End-to-End L\u00f6sungen in der Ern\u00e4hrungs- und Gesundheitsforschung<\/h1>\n<p>Auf der Grundlage ihrer Erfahrung und ihrer Beziehungen zu zahlreichen \u00f6ffentlichen und privaten Institutionen, investiert die Stiftung in Forschungsprojekte \u00fcber den Zusammenhang zwischen Ern\u00e4hrung und Gesundheit. Unser Forschungsansatz versteht sich kollaborativ und gest\u00fctzt auf den Austausch unseres Fachwissens mit unseren Partnern.<a class=\"button secondary is-underline lowercase button-inline\" href=\"#jump\">Mehr erfahren<\/a><\/p>\n\n\t\t<\/div>\n\t\t\t\t\t<\/div>\n\n\t\n\n<\/div>\n\n\t\t<\/div>\n\n\t\t\n<style>\n#section_1679365967 {\n  padding-top: 0px;\n  padding-bottom: 0px;\n}\n@media (min-width:550px) {\n  #section_1679365967 {\n    padding-top: 4vh;\n    padding-bottom: 4vh;\n  }\n}\n<\/style>\n\t<\/section>\n\t\n\n  <div class=\"banner has-hover has-parallax\" id=\"banner-78046411\">\n          <div class=\"banner-inner fill\">\n        <div class=\"banner-bg fill\" data-parallax=\"-3\" data-parallax-container=\".banner\" data-parallax-background>\n            <img decoding=\"async\" width=\"1600\" height=\"1280\" data-src=\"http:\/\/nutritionhealthfoundation.ch\/wp-content\/uploads\/swissnutrition-expert-vitamins-analysis-01.jpg\" class=\"bg attachment-original size-original lazyload\" alt=\"Experts in Vitamins and nutrients analysis\" src=\"data:image\/svg+xml;base64,PHN2ZyB3aWR0aD0iMSIgaGVpZ2h0PSIxIiB4bWxucz0iaHR0cDovL3d3dy53My5vcmcvMjAwMC9zdmciPjwvc3ZnPg==\" style=\"--smush-placeholder-width: 1600px; --smush-placeholder-aspect-ratio: 1600\/1280;\" \/>                                    \n                    <\/div>\n\t\t\n        <div class=\"banner-layers container\">\n            <div class=\"fill banner-link\"><\/div>            \n\n\n        <\/div>\n      <\/div>\n\n            \n<style>\n#banner-78046411 {\n  padding-top: 76%;\n  background-color: rgb(241, 241, 241);\n}\n#banner-78046411 .banner-bg img {\n  object-position: 41% 48%;\n}\n@media (min-width:550px) {\n  #banner-78046411 {\n    padding-top: 50%;\n  }\n}\n<\/style>\n  <\/div>\n\n\n<span class=\"scroll-to\" data-label=\"Scroll to: #jump\" data-bullet=\"false\" data-link=\"#jump\" data-title=\"jump\"><a name=\"jump\"><\/a><\/span>\n\n\n\t<section class=\"section\" id=\"section_1417867956\">\n\t\t<div class=\"section-bg fill\" >\n\t\t\t\t\t\t\t\t\t\n\t\t\t\n\n\t\t<\/div>\n\n\t\t\n\n\t\t<div class=\"section-content relative\">\n\t\t\t\n\n<div class=\"row align-center\"  id=\"row-1825548518\">\n\n\n\t<div id=\"col-1442462347\" class=\"col medium-8 small-12 large-8\"  >\n\t\t\t\t<div class=\"col-inner text-center\"  >\n\t\t\t\n\t\t\t\n\n\t<div id=\"text-648778537\" class=\"text\">\n\t\t\n\n<p>Die Fachkompetenz der Stiftung erstreckt sich auf verschiedene Bereiche der Ern\u00e4hrung. Sie st\u00fctzt sich auf unsere fundierten Kenntnisse der N\u00e4hrstoffwissenschaft sowie modernster analytischer Messtechniken und ein einzigartiges Know-how in der Probenaufbereitung. Zuverl\u00e4ssigkeit und aussagekr\u00e4ftige Ergebnisse, die h\u00f6chsten Anspr\u00fcchen gerecht werden, sind unser Kundenversprechen.<\/p>\n\t\t\n<style>\n#text-648778537 {\n  text-align: left;\n}\n<\/style>\n\t<\/div>\n\t\n\n\t\t<\/div>\n\t\t\t\t\t<\/div>\n\n\t\n\n<\/div>\n\n\t\t<\/div>\n\n\t\t\n<style>\n#section_1417867956 {\n  padding-top: 3em;\n  padding-bottom: 3em;\n}\n@media (min-width:550px) {\n  #section_1417867956 {\n    padding-top: 15vh;\n    padding-bottom: 15vh;\n  }\n}\n<\/style>\n\t<\/section>\n\t\n\n\t<section class=\"section\" id=\"section_893175688\">\n\t\t<div class=\"section-bg fill\" >\n\t\t\t\t\t\t\t\t\t\n\t\t\t\n\n\t\t<\/div>\n\n\t\t\n\n\t\t<div class=\"section-content relative\">\n\t\t\t\n\n<div class=\"row row-large\"  id=\"row-1188651317\">\n\n\n\t<div id=\"col-1113154575\" class=\"col medium-4 small-12 large-4\"  >\n\t\t\t\t<div class=\"col-inner\"  >\n\t\t\t\n\t\t\t\n\n<h3>N\u00e4hrstoffanalyse<\/h3>\n<p>Unsere verschiedenartigen Analysen von Inhaltsstoffen und Produkten dienen dem Zweck der Bestimmung des N\u00e4hrstoffgehalts.<\/p>\n<a href=\"https:\/\/nutritionhealthfoundation.ch\/de\/kontakt\/\" class=\"button secondary is-underline is-small expand right\" >\n\t\t<span>Kontakt<\/span>\n\t<\/a>\n\n\n\n\t\t<\/div>\n\t\t\t\t\t<\/div>\n\n\t\n\n\t<div id=\"col-974252132\" class=\"col medium-8 small-12 large-8 small-col-first\"  >\n\t\t\t\t<div class=\"col-inner\"  >\n\t\t\t\n\t\t\t\n\n\t<div id=\"gap-715504142\" class=\"gap-element clearfix hide-for-small\" style=\"display:block; height:auto;\">\n\t\t\n<style>\n#gap-715504142 {\n  padding-top: 4.5em;\n}\n<\/style>\n\t<\/div>\n\t\n\n\t<div class=\"img has-hover x md-x lg-x y md-y lg-y\" id=\"image_326987246\">\n\t\t\t\t\t\t\t\t<div class=\"img-inner dark\" >\n\t\t\t<img decoding=\"async\" width=\"1020\" height=\"681\" data-src=\"http:\/\/nutritionhealthfoundation.ch\/wp-content\/uploads\/swissnutrition_informations-nutritionnelles-1200x801.jpg\" class=\"attachment-large size-large lazyload\" alt=\"Swiss Nutrition and Health Informations Nutritionnelles\" data-srcset=\"http:\/\/nutritionhealthfoundation.ch\/wp-content\/uploads\/swissnutrition_informations-nutritionnelles-1200x801.jpg 1200w, http:\/\/nutritionhealthfoundation.ch\/wp-content\/uploads\/swissnutrition_informations-nutritionnelles-800x534.jpg 800w, http:\/\/nutritionhealthfoundation.ch\/wp-content\/uploads\/swissnutrition_informations-nutritionnelles-768x513.jpg 768w, http:\/\/nutritionhealthfoundation.ch\/wp-content\/uploads\/swissnutrition_informations-nutritionnelles-1536x1025.jpg 1536w, http:\/\/nutritionhealthfoundation.ch\/wp-content\/uploads\/swissnutrition_informations-nutritionnelles.jpg 1600w\" data-sizes=\"(max-width: 1020px) 100vw, 1020px\" src=\"data:image\/svg+xml;base64,PHN2ZyB3aWR0aD0iMSIgaGVpZ2h0PSIxIiB4bWxucz0iaHR0cDovL3d3dy53My5vcmcvMjAwMC9zdmciPjwvc3ZnPg==\" style=\"--smush-placeholder-width: 1020px; --smush-placeholder-aspect-ratio: 1020\/681;\" \/>\t\t\t\t\t\t\n\t\t\t\t\t<\/div>\n\t\t\t\t\t\t\t\t\n<style>\n#image_326987246 {\n  width: 100%;\n}\n<\/style>\n\t<\/div>\n\t\n\n\n\t\t<\/div>\n\t\t\t\t\t<\/div>\n\n\t\n\n<\/div>\n\n\t\t<\/div>\n\n\t\t\n<style>\n#section_893175688 {\n  padding-top: 30px;\n  padding-bottom: 30px;\n}\n<\/style>\n\t<\/section>\n\t\n\t<div id=\"gap-111775655\" class=\"gap-element clearfix hide-for-small\" style=\"display:block; height:auto;\">\n\t\t\n<style>\n#gap-111775655 {\n  padding-top: 3em;\n}\n<\/style>\n\t<\/div>\n\t\n\n\n\t<section class=\"section\" id=\"section_1977150358\">\n\t\t<div class=\"section-bg fill\" >\n\t\t\t\t\t\t\t\t\t\n\t\t\t\n\n\t\t<\/div>\n\n\t\t\n\n\t\t<div class=\"section-content relative\">\n\t\t\t\n\n<div class=\"row\"  id=\"row-333783728\">\n\n\n\t<div id=\"col-666997371\" class=\"col medium-4 small-12 large-4\"  >\n\t\t\t\t<div class=\"col-inner\"  >\n\t\t\t\n\t\t\t\n\n<h3>Untersuchung des Ern\u00e4hrungsstatus<\/h3>\n<p>Unsere spezifische Fachkenntnis reicht von der Biochemie der N\u00e4hrstoffe bis zu Biomarkern zur Statusbestimmung durch die wir zuverl\u00e4ssige Analysen erstellen und die daraus resultierenden Daten interpretieren k\u00f6nnen.<\/p>\n<a href=\"https:\/\/nutritionhealthfoundation.ch\/de\/kontakt\/\" class=\"button secondary is-underline is-small expand right\" >\n\t\t<span>Kontakt<\/span>\n\t<\/a>\n\n\n\n\t\t<\/div>\n\t\t\t\t\t<\/div>\n\n\t\n\n\t<div id=\"col-1698209538\" class=\"col medium-8 small-12 large-8 small-col-first\"  >\n\t\t\t\t<div class=\"col-inner\"  >\n\t\t\t\n\t\t\t\n\n\t<div id=\"gap-911051138\" class=\"gap-element clearfix hide-for-small\" style=\"display:block; height:auto;\">\n\t\t\n<style>\n#gap-911051138 {\n  padding-top: 4.5em;\n}\n<\/style>\n\t<\/div>\n\t\n\n\t<div class=\"img has-hover x md-x lg-x y md-y lg-y\" id=\"image_1638961476\">\n\t\t\t\t\t\t\t\t<div class=\"img-inner dark\" >\n\t\t\t<img decoding=\"async\" width=\"1020\" height=\"574\" data-src=\"http:\/\/nutritionhealthfoundation.ch\/wp-content\/uploads\/swiss_nutrition_vitamin_a-1200x675.jpg\" class=\"attachment-large size-large lazyload\" alt=\"Etude du statut nutritionnel\" data-srcset=\"http:\/\/nutritionhealthfoundation.ch\/wp-content\/uploads\/swiss_nutrition_vitamin_a-1200x675.jpg 1200w, http:\/\/nutritionhealthfoundation.ch\/wp-content\/uploads\/swiss_nutrition_vitamin_a-800x450.jpg 800w, http:\/\/nutritionhealthfoundation.ch\/wp-content\/uploads\/swiss_nutrition_vitamin_a-768x432.jpg 768w, http:\/\/nutritionhealthfoundation.ch\/wp-content\/uploads\/swiss_nutrition_vitamin_a-1536x864.jpg 1536w, http:\/\/nutritionhealthfoundation.ch\/wp-content\/uploads\/swiss_nutrition_vitamin_a.jpg 1600w\" data-sizes=\"(max-width: 1020px) 100vw, 1020px\" src=\"data:image\/svg+xml;base64,PHN2ZyB3aWR0aD0iMSIgaGVpZ2h0PSIxIiB4bWxucz0iaHR0cDovL3d3dy53My5vcmcvMjAwMC9zdmciPjwvc3ZnPg==\" style=\"--smush-placeholder-width: 1020px; --smush-placeholder-aspect-ratio: 1020\/574;\" \/>\t\t\t\t\t\t\n\t\t\t\t\t<\/div>\n\t\t\t\t\t\t\t\t\n<style>\n#image_1638961476 {\n  width: 100%;\n}\n<\/style>\n\t<\/div>\n\t\n\n\n\t\t<\/div>\n\t\t\t\t\t<\/div>\n\n\t\n\n<\/div>\n\n\t\t<\/div>\n\n\t\t\n<style>\n#section_1977150358 {\n  padding-top: 30px;\n  padding-bottom: 30px;\n}\n<\/style>\n\t<\/section>\n\t\n\n\n\t<section class=\"section\" id=\"section_1639522334\">\n\t\t<div class=\"section-bg fill\" >\n\t\t\t\t\t\t\t\t\t\n\t\t\t\n\n\t\t<\/div>\n\n\t\t\n\n\t\t<div class=\"section-content relative\">\n\t\t\t\n\n\n\t<section class=\"section\" id=\"section_683697086\">\n\t\t<div class=\"section-bg fill\" >\n\t\t\t\t\t\t\t\t\t\n\t\t\t\n\n\t\t<\/div>\n\n\t\t\n\n\t\t<div class=\"section-content relative\">\n\t\t\t\r\n\r\n<div class=\"row\"  id=\"row-184818365\">\r\n\r\n\n\t<div id=\"col-647547573\" class=\"col small-12 large-12\"  >\n\t\t\t\t<div class=\"col-inner\"  >\n\t\t\t\n\t\t\t\r\n\r\n\t<div id=\"text-3266706\" class=\"text\">\n\t\t\r\n<h2>J\u00fcngste Projekte<\/h2>\r\n\t\t\n<style>\n#text-3266706 {\n  text-align: center;\n}\n<\/style>\n\t<\/div>\n\t\r\n\t<div id=\"gap-149740414\" class=\"gap-element clearfix\" style=\"display:block; height:auto;\">\n\t\t\n<style>\n#gap-149740414 {\n  padding-top: 3%;\n}\n<\/style>\n\t<\/div>\n\t\r\n\r\n<div class=\"row\"  id=\"row-254944493\">\r\n\r\n\n\t<div id=\"col-1384112452\" class=\"col small-12 large-12\"  >\n\t\t\t\t<div class=\"col-inner\"  >\n\t\t\t\n\t\t\t\r\n\r\n<div id=\"portfolio-932262562\" class=\"portfolio-element-wrapper has-filtering\">\n  \n    <div class=\"row large-columns-3 medium-columns- small-columns-2 row-small\" >\n    <div class=\"col\" data-terms=\"\" >\n          <div class=\"col-inner\" >\n          <a href=\"http:\/\/nutritionhealthfoundation.ch\/de\/projets\/vitamin-d-in-manche-fischsorten-im-genfersee\/\" class=\"plain \">\n          <div class=\"portfolio-box box has-hover box-normal\">\n            <div class=\"box-image\" >\n                <div class=\"image-zoom image-cover\" style=\"padding-top:56.25%;\">\n                <img decoding=\"async\" width=\"300\" height=\"193\" data-src=\"http:\/\/nutritionhealthfoundation.ch\/wp-content\/uploads\/PoissonsDesLacs-300x193.jpg\" class=\"attachment-medium size-medium lazyload\" alt=\"\" data-srcset=\"http:\/\/nutritionhealthfoundation.ch\/wp-content\/uploads\/PoissonsDesLacs-300x193.jpg 300w, http:\/\/nutritionhealthfoundation.ch\/wp-content\/uploads\/PoissonsDesLacs-1024x659.jpg 1024w, http:\/\/nutritionhealthfoundation.ch\/wp-content\/uploads\/PoissonsDesLacs-768x495.jpg 768w, http:\/\/nutritionhealthfoundation.ch\/wp-content\/uploads\/PoissonsDesLacs-1536x989.jpg 1536w, http:\/\/nutritionhealthfoundation.ch\/wp-content\/uploads\/PoissonsDesLacs.jpg 1567w\" data-sizes=\"(max-width: 300px) 100vw, 300px\" src=\"data:image\/svg+xml;base64,PHN2ZyB3aWR0aD0iMSIgaGVpZ2h0PSIxIiB4bWxucz0iaHR0cDovL3d3dy53My5vcmcvMjAwMC9zdmciPjwvc3ZnPg==\" style=\"--smush-placeholder-width: 300px; --smush-placeholder-aspect-ratio: 300\/193;\" \/>                                                <\/div>\n            <\/div>\n            <div class=\"box-text text-left\" >\n                  <div class=\"box-text-inner\">\n                      <h6 class=\"uppercase portfolio-box-title\">Vitamin D in manchen Fischsorten im Genfersee<\/h6>\n                      <p class=\"uppercase portfolio-box-category is-xsmall op-6\">\n                        <span class=\"show-on-hover\">\n                                                 <\/span>\n                      <\/p>\n                  <\/div>\n            <\/div>\n           <\/div>\n           <\/a>\n           <\/div>\n           <\/div><div class=\"col\" data-terms=\"\" >\n          <div class=\"col-inner\" >\n          <a href=\"http:\/\/nutritionhealthfoundation.ch\/de\/projets\/landesweite-studie-zur-untersuchung-des-ernaehrungsstatus-von-kindern-und-jugendlichen\/\" class=\"plain \">\n          <div class=\"portfolio-box box has-hover box-normal\">\n            <div class=\"box-image\" >\n                <div class=\"image-zoom image-cover\" style=\"padding-top:56.25%;\">\n                <img decoding=\"async\" width=\"800\" height=\"533\" data-src=\"http:\/\/nutritionhealthfoundation.ch\/wp-content\/uploads\/Fille-pasteque-800x533-1.webp\" class=\"attachment-medium size-medium lazyload\" alt=\"\" data-srcset=\"http:\/\/nutritionhealthfoundation.ch\/wp-content\/uploads\/Fille-pasteque-800x533-1.webp 800w, http:\/\/nutritionhealthfoundation.ch\/wp-content\/uploads\/Fille-pasteque-800x533-1-768x512.webp 768w\" data-sizes=\"(max-width: 800px) 100vw, 800px\" src=\"data:image\/svg+xml;base64,PHN2ZyB3aWR0aD0iMSIgaGVpZ2h0PSIxIiB4bWxucz0iaHR0cDovL3d3dy53My5vcmcvMjAwMC9zdmciPjwvc3ZnPg==\" style=\"--smush-placeholder-width: 800px; --smush-placeholder-aspect-ratio: 800\/533;\" \/>                                                <\/div>\n            <\/div>\n            <div class=\"box-text text-left\" >\n                  <div class=\"box-text-inner\">\n                      <h6 class=\"uppercase portfolio-box-title\">Landesweite Studie zur Untersuchung des Ern\u00e4hrungsstatus von Kindern und Jugendlichen<\/h6>\n                      <p class=\"uppercase portfolio-box-category is-xsmall op-6\">\n                        <span class=\"show-on-hover\">\n                                                 <\/span>\n                      <\/p>\n                  <\/div>\n            <\/div>\n           <\/div>\n           <\/a>\n           <\/div>\n           <\/div><div class=\"col\" data-terms=\"\" >\n          <div class=\"col-inner\" >\n          <a href=\"http:\/\/nutritionhealthfoundation.ch\/de\/projets\/europaeisches-projekt-nutrishield-zur-analyse-von-muttermilch\/\" class=\"plain \">\n          <div class=\"portfolio-box box has-hover box-normal\">\n            <div class=\"box-image\" >\n                <div class=\"image-zoom image-cover\" style=\"padding-top:56.25%;\">\n                <img decoding=\"async\" width=\"800\" height=\"450\" data-src=\"http:\/\/nutritionhealthfoundation.ch\/wp-content\/uploads\/nutrishield-800x450.jpeg\" class=\"attachment-medium size-medium lazyload\" alt=\"\" data-srcset=\"http:\/\/nutritionhealthfoundation.ch\/wp-content\/uploads\/nutrishield-800x450.jpeg 800w, http:\/\/nutritionhealthfoundation.ch\/wp-content\/uploads\/nutrishield-768x432.jpeg 768w, http:\/\/nutritionhealthfoundation.ch\/wp-content\/uploads\/nutrishield.jpeg 1200w\" data-sizes=\"(max-width: 800px) 100vw, 800px\" src=\"data:image\/svg+xml;base64,PHN2ZyB3aWR0aD0iMSIgaGVpZ2h0PSIxIiB4bWxucz0iaHR0cDovL3d3dy53My5vcmcvMjAwMC9zdmciPjwvc3ZnPg==\" style=\"--smush-placeholder-width: 800px; --smush-placeholder-aspect-ratio: 800\/450;\" \/>                                                <\/div>\n            <\/div>\n            <div class=\"box-text text-left\" >\n                  <div class=\"box-text-inner\">\n                      <h6 class=\"uppercase portfolio-box-title\">Europ\u00e4isches Projekt Nutrishield zur Analyse von Muttermilch<\/h6>\n                      <p class=\"uppercase portfolio-box-category is-xsmall op-6\">\n                        <span class=\"show-on-hover\">\n                                                 <\/span>\n                      <\/p>\n                  <\/div>\n            <\/div>\n           <\/div>\n           <\/a>\n           <\/div>\n           <\/div><\/div><\/div>\r\n\r\n\t\t<\/div>\n\t\t\t\t\t<\/div>\n\n\t\r\n\r\n<\/div>\r\n\r\n\t\t<\/div>\n\t\t\t\t\t<\/div>\n\n\t\r\n\r\n<\/div>\r\n\r\n\t\t<\/div>\n\n\t\t\n<style>\n#section_683697086 {\n  padding-top: 0px;\n  padding-bottom: 0px;\n}\n<\/style>\n\t<\/section>\n\t\n\n\n\t\t<\/div>\n\n\t\t\n<style>\n#section_1639522334 {\n  padding-top: 10vh;\n  padding-bottom: 10vh;\n}\n<\/style>\n\t<\/section>\n\t\n\n","protected":false},"excerpt":{"rendered":"","protected":false},"author":1,"featured_media":0,"parent":0,"menu_order":0,"comment_status":"closed","ping_status":"closed","template":"","meta":{"inline_featured_image":false,"footnotes":""},"class_list":["post-30037","page","type-page","status-publish","hentry"],"_links":{"self":[{"href":"http:\/\/nutritionhealthfoundation.ch\/de\/wp-json\/wp\/v2\/pages\/30037","targetHints":{"allow":["GET"]}}],"collection":[{"href":"http:\/\/nutritionhealthfoundation.ch\/de\/wp-json\/wp\/v2\/pages"}],"about":[{"href":"http:\/\/nutritionhealthfoundation.ch\/de\/wp-json\/wp\/v2\/types\/page"}],"author":[{"embeddable":true,"href":"http:\/\/nutritionhealthfoundation.ch\/de\/wp-json\/wp\/v2\/users\/1"}],"replies":[{"embeddable":true,"href":"http:\/\/nutritionhealthfoundation.ch\/de\/wp-json\/wp\/v2\/comments?post=30037"}],"version-history":[{"count":0,"href":"http:\/\/nutritionhealthfoundation.ch\/de\/wp-json\/wp\/v2\/pages\/30037\/revisions"}],"wp:attachment":[{"href":"http:\/\/nutritionhealthfoundation.ch\/de\/wp-json\/wp\/v2\/media?parent=30037"}],"curies":[{"name":"wp","href":"https:\/\/api.w.org\/{rel}","templated":true}]}}