{"id":30005,"date":"2021-10-28T22:35:47","date_gmt":"2021-10-28T20:35:47","guid":{"rendered":"https:\/\/nutritionhealthfoundation.ch\/?page_id=30005"},"modified":"2025-12-10T14:44:44","modified_gmt":"2025-12-10T13:44:44","slug":"startseite","status":"publish","type":"page","link":"https:\/\/nutritionhealthfoundation.ch\/de\/","title":{"rendered":"Startseite"},"content":{"rendered":"\n\n\t<section class=\"section\" id=\"section_240627937\">\n\t\t<div class=\"section-bg fill\" >\n\t\t\t\t\t\t\t\t\t\n\t\t\t\n\n\t\t<\/div>\n\n\t\t\n\n\t\t<div class=\"section-content relative\">\n\t\t\t\n\n\t<div id=\"gap-1565224765\" class=\"gap-element clearfix\" style=\"display:block; height:auto;\">\n\t\t\n<style>\n#gap-1565224765 {\n  padding-top: 2em;\n}\n@media (min-width:550px) {\n  #gap-1565224765 {\n    padding-top: 8vh;\n  }\n}\n<\/style>\n\t<\/div>\n\t\n\n<div class=\"row\"  id=\"row-1475323651\">\n\n\n\t<div id=\"col-917378621\" class=\"col medium-9 small-12 large-9\"  >\n\t\t\t\t<div class=\"col-inner\"  >\n\t\t\t\n\t\t\t\n\n<h1 class=\"lead\">Durch Wissenschaft Vertrauen schaffen<\/h1>\n<p>Die Schweizerische Stiftung f\u00fcr Ern\u00e4hrung und Gesundheit (SNHf) &#8211; so der neue Name des Schweizerischen Vitamininstituts &#8211; wurde als Einrichtung mit einem erweiterten Anwendungsbereich gegr\u00fcndet, der sich auf N\u00e4hrstoffe im allgemeinen sowie auf Mikron\u00e4hrstoffe und nat\u00fcrliche bioaktive Verbindungen erstreckt. Getreu ihrem Erbe bleibt die SNHf auch weiterhin eine gemeinn\u00fctzige und unabh\u00e4ngige Stiftung mit Schwerpunkt auf Ern\u00e4hrung und die \u00f6ffentliche Gesundheit.<a class=\"button secondary is-underline lowercase button-inline\" href=\"#jump\">Mehr erfahren<\/a><\/p>\n\n\t\t<\/div>\n\t\t\t\t\t<\/div>\n\n\t\n\n<\/div>\n\n\t\t<\/div>\n\n\t\t\n<style>\n#section_240627937 {\n  padding-top: 0px;\n  padding-bottom: 0px;\n}\n@media (min-width:550px) {\n  #section_240627937 {\n    padding-top: 4vh;\n    padding-bottom: 4vh;\n  }\n}\n<\/style>\n\t<\/section>\n\t\n\n  <div class=\"banner has-hover has-parallax\" id=\"banner-1766470054\">\n          <div class=\"banner-inner fill\">\n        <div class=\"banner-bg fill\" data-parallax=\"-3\" data-parallax-container=\".banner\" data-parallax-background>\n            <img decoding=\"async\" width=\"1600\" height=\"1180\" data-src=\"https:\/\/nutritionhealthfoundation.ch\/wp-content\/uploads\/swissnutrition-banner-girl-02.jpg\" class=\"bg attachment-original size-original lazyload\" alt=\"Swiss Nutrition and Health Foundation\" src=\"data:image\/svg+xml;base64,PHN2ZyB3aWR0aD0iMSIgaGVpZ2h0PSIxIiB4bWxucz0iaHR0cDovL3d3dy53My5vcmcvMjAwMC9zdmciPjwvc3ZnPg==\" style=\"--smush-placeholder-width: 1600px; --smush-placeholder-aspect-ratio: 1600\/1180;\" \/>                                    \n                    <\/div>\n\t\t\n        <div class=\"banner-layers container\">\n            <div class=\"fill banner-link\"><\/div>            \n\n\n        <\/div>\n      <\/div>\n\n            \n<style>\n#banner-1766470054 {\n  padding-top: 65%;\n  background-color: rgb(244, 244, 244);\n}\n#banner-1766470054 .banner-bg img {\n  object-position: 50% 67%;\n}\n@media (min-width:550px) {\n  #banner-1766470054 {\n    padding-top: 50%;\n  }\n}\n<\/style>\n  <\/div>\n\n\n<span class=\"scroll-to\" data-label=\"Scroll to: #jump\" data-bullet=\"false\" data-link=\"#jump\" data-title=\"jump\"><a name=\"jump\"><\/a><\/span>\n\n\n\t<section class=\"section\" id=\"section_406823596\">\n\t\t<div class=\"section-bg fill\" >\n\t\t\t\t\t\t\t\t\t\n\t\t\t\n\n\t\t<\/div>\n\n\t\t\n\n\t\t<div class=\"section-content relative\">\n\t\t\t\n\n\t<div id=\"text-1886001779\" class=\"text\">\n\t\t\n\n<p class=\"lead\">Der Aufgabenbereich der SNHf geht \u00fcber das Thema Vitamine hinaus. Er umfasst die Erforschung und Analyse von N\u00e4hrstoffen, Mikron\u00e4hrstoffen und nat\u00fcrlichen bioaktiven Verbindungen in den Bereichen Ern\u00e4hrung, Kosmetik und Gesundheit. Die SNHf befasst sich mit der Messung von N\u00e4hrstoffen, vom Rohstoff bis zum Lebensmittel, einschliesslich der Gesundheit der Verbraucher. Unser Ansatz zur Erfassung des Ern\u00e4hrungsstatus besteht in der Entwicklung und im Einsatz zuverl\u00e4ssiger Verfahren zur dessen Messung. Daher erstellt die SNHf wissenschaftlich fundierte und von Versicherungen anerkannte medizinische Analysen des Ern\u00e4hrungsstatus. Aufgrund unseres Fachwissens, unserem wissenschaftlichen Netzwerk und kontinuierlichen Investitionen in modernste Analysetechniken sind wir seit 1931 eine vertrauensw\u00fcrdige Institution.<\/p>\n\t\t\n<style>\n#text-1886001779 {\n  text-align: left;\n}\n<\/style>\n\t<\/div>\n\t\n<div class=\"row align-center\"  id=\"row-1552507302\">\n\n\n\t<div id=\"col-711636739\" class=\"col medium-9 small-12 large-9\"  >\n\t\t\t\t<div class=\"col-inner text-center\"  >\n\t\t\t\n\t\t\t\n\n<a href=\"https:\/\/nutritionhealthfoundation.ch\/de\/stiftung\/\" class=\"button secondary is-underline lowercase\" >\n\t\t<span>\u00dcber uns<\/span>\n\t<\/a>\n\n\n\n\t\t<\/div>\n\t\t\t\t\t<\/div>\n\n\t\n\n<\/div>\n\n\t\t<\/div>\n\n\t\t\n<style>\n#section_406823596 {\n  padding-top: 3em;\n  padding-bottom: 3em;\n}\n@media (min-width:550px) {\n  #section_406823596 {\n    padding-top: 16vh;\n    padding-bottom: 16vh;\n  }\n}\n<\/style>\n\t<\/section>\n\t\n\n\t<section class=\"section\" id=\"section_1876034497\">\n\t\t<div class=\"section-bg fill\" >\n\t\t\t\t\t\t\t\t\t\n\t\t\t\n\n\t\t<\/div>\n\n\t\t\n\n\t\t<div class=\"section-content relative\">\n\t\t\t\n\n<h3 class=\"uppercase\">Fachwissen<\/h3>\n<div class=\"row\"  id=\"row-701058134\">\n\n\n\t<div id=\"col-412311066\" class=\"col medium-4 small-12 large-4\"  >\n\t\t\t\t<div class=\"col-inner\"  >\n\t\t\t\n\t\t\t\n\n\t<div class=\"box has-hover arrow-button-box  has-hover box-text-bottom\" >\n\n\t\t<div class=\"box-image\" >\n\t\t\t\t\t\t<div class=\"image-cover\" style=\"padding-top:70%;\">\n\t\t\t\t<img decoding=\"async\" width=\"1600\" height=\"1128\" data-src=\"https:\/\/nutritionhealthfoundation.ch\/wp-content\/uploads\/swissnutrition-network-01.jpg\" class=\"attachment- size- lazyload\" alt=\"Swiss Nutrition and Health Network\" data-srcset=\"https:\/\/nutritionhealthfoundation.ch\/wp-content\/uploads\/swissnutrition-network-01.jpg 1600w, https:\/\/nutritionhealthfoundation.ch\/wp-content\/uploads\/swissnutrition-network-01-800x564.jpg 800w, https:\/\/nutritionhealthfoundation.ch\/wp-content\/uploads\/swissnutrition-network-01-1200x846.jpg 1200w, https:\/\/nutritionhealthfoundation.ch\/wp-content\/uploads\/swissnutrition-network-01-768x541.jpg 768w, https:\/\/nutritionhealthfoundation.ch\/wp-content\/uploads\/swissnutrition-network-01-1536x1083.jpg 1536w\" data-sizes=\"(max-width: 1600px) 100vw, 1600px\" src=\"data:image\/svg+xml;base64,PHN2ZyB3aWR0aD0iMSIgaGVpZ2h0PSIxIiB4bWxucz0iaHR0cDovL3d3dy53My5vcmcvMjAwMC9zdmciPjwvc3ZnPg==\" style=\"--smush-placeholder-width: 1600px; --smush-placeholder-aspect-ratio: 1600\/1128;\" \/>\t\t\t\t\t\t\t\t\t\t\t<\/div>\n\t\t\t\t\t<\/div>\n\n\t\t<div class=\"box-text text-left\" >\n\t\t\t<div class=\"box-text-inner\">\n\t\t\t\t\n\n<h6 class=\"small-headline\">F\u00fcr die Industrie<\/h6>\n<p>Ein Netzwerk aus Sachverst\u00e4ndigen, die der F\u00f6rderung der Innovation in den Bereichen Lebensmittelgesundheit und Kosmetik dienen. <a class=\"arrow\" href=\"https:\/\/nutritionhealthfoundation.ch\/de\/fe\/\">Mehr erfahren<\/a><\/p>\n<a class=\"button primary is-link lowercase button-arrow hidden\" >\n\t\t<span><\/span>\n\t<\/a>\n\n\n\n\t\t\t<\/div>\n\t\t<\/div>\n\t<\/div>\n\t\n\n\t\t<\/div>\n\t\t\t\t\t<\/div>\n\n\t\n\n\t<div id=\"col-944187800\" class=\"col medium-4 small-12 large-4\"  >\n\t\t\t\t<div class=\"col-inner\"  >\n\t\t\t\n\t\t\t\n\n\t<div class=\"box has-hover arrow-button-box  has-hover box-text-bottom\" >\n\n\t\t<div class=\"box-image\" >\n\t\t\t\t\t\t<div class=\"image-cover\" style=\"padding-top:70%;\">\n\t\t\t\t<img decoding=\"async\" width=\"1600\" height=\"1068\" data-src=\"https:\/\/nutritionhealthfoundation.ch\/wp-content\/uploads\/swissnutrition-banner-biologist-01.jpg\" class=\"attachment- size- lazyload\" alt=\"Nutriments and vitamins experts\" data-srcset=\"https:\/\/nutritionhealthfoundation.ch\/wp-content\/uploads\/swissnutrition-banner-biologist-01.jpg 1600w, https:\/\/nutritionhealthfoundation.ch\/wp-content\/uploads\/swissnutrition-banner-biologist-01-800x534.jpg 800w, https:\/\/nutritionhealthfoundation.ch\/wp-content\/uploads\/swissnutrition-banner-biologist-01-1200x801.jpg 1200w, https:\/\/nutritionhealthfoundation.ch\/wp-content\/uploads\/swissnutrition-banner-biologist-01-768x513.jpg 768w, https:\/\/nutritionhealthfoundation.ch\/wp-content\/uploads\/swissnutrition-banner-biologist-01-1536x1025.jpg 1536w\" data-sizes=\"(max-width: 1600px) 100vw, 1600px\" src=\"data:image\/svg+xml;base64,PHN2ZyB3aWR0aD0iMSIgaGVpZ2h0PSIxIiB4bWxucz0iaHR0cDovL3d3dy53My5vcmcvMjAwMC9zdmciPjwvc3ZnPg==\" style=\"--smush-placeholder-width: 1600px; --smush-placeholder-aspect-ratio: 1600\/1068;\" \/>\t\t\t\t\t\t\t\t\t\t\t<\/div>\n\t\t\t\t\t<\/div>\n\n\t\t<div class=\"box-text text-left\" >\n\t\t\t<div class=\"box-text-inner\">\n\t\t\t\t\n\n<h6 class=\"small-headline\">F\u00fcr medizinische Dienstleiter<\/h6>\n<p>Ein anerkanntes und nach ISO 17025 akkreditiertes Labor f\u00fcr die medizinische Analyse des Vitaminstatus.<\/p>\n<p><a class=\"arrow\" href=\"https:\/\/nutritionhealthfoundation.ch\/de\/medizinische-analysen\/\">Mehr erfahren<\/a><\/p>\n<a class=\"button primary is-link lowercase button-arrow hidden\" >\n\t\t<span><\/span>\n\t<\/a>\n\n\n\n\t\t\t<\/div>\n\t\t<\/div>\n\t<\/div>\n\t\n\n\t\t<\/div>\n\t\t\t\t\t<\/div>\n\n\t\n\n\t<div id=\"col-1104947466\" class=\"col medium-4 small-12 large-4\"  >\n\t\t\t\t<div class=\"col-inner\"  >\n\t\t\t\n\t\t\t\n\n\t<div class=\"box has-hover arrow-button-box  has-hover box-text-bottom\" >\n\n\t\t<div class=\"box-image\" >\n\t\t\t\t\t\t<div class=\"image-cover\" style=\"padding-top:70%;\">\n\t\t\t\t<img decoding=\"async\" width=\"2000\" height=\"1340\" data-src=\"https:\/\/nutritionhealthfoundation.ch\/wp-content\/uploads\/swissvitamin-banner-cervin-01.jpg\" class=\"attachment- size- lazyload\" alt=\"Swiss Nutrition and Health Foundation\" data-srcset=\"https:\/\/nutritionhealthfoundation.ch\/wp-content\/uploads\/swissvitamin-banner-cervin-01.jpg 2000w, https:\/\/nutritionhealthfoundation.ch\/wp-content\/uploads\/swissvitamin-banner-cervin-01-800x536.jpg 800w, https:\/\/nutritionhealthfoundation.ch\/wp-content\/uploads\/swissvitamin-banner-cervin-01-1200x804.jpg 1200w, https:\/\/nutritionhealthfoundation.ch\/wp-content\/uploads\/swissvitamin-banner-cervin-01-768x515.jpg 768w, https:\/\/nutritionhealthfoundation.ch\/wp-content\/uploads\/swissvitamin-banner-cervin-01-1536x1029.jpg 1536w\" data-sizes=\"(max-width: 2000px) 100vw, 2000px\" src=\"data:image\/svg+xml;base64,PHN2ZyB3aWR0aD0iMSIgaGVpZ2h0PSIxIiB4bWxucz0iaHR0cDovL3d3dy53My5vcmcvMjAwMC9zdmciPjwvc3ZnPg==\" style=\"--smush-placeholder-width: 2000px; --smush-placeholder-aspect-ratio: 2000\/1340;\" \/>\t\t\t\t\t\t\t\t\t\t\t<\/div>\n\t\t\t\t\t<\/div>\n\n\t\t<div class=\"box-text text-left\" >\n\t\t\t<div class=\"box-text-inner\">\n\t\t\t\t\n\n<h6 class=\"small-headline\">F\u00fcr Markenhersteller<\/h6>\n<p>Ein Programm zur Zertifizierung von N\u00e4hrstoffen durch unabh\u00e4ngige Testverfahren unter einem anerkannten Pr\u00fcfsiegel, das die Vertrauensw\u00fcrdigkeit einer Marke erh\u00f6ht. <a class=\"arrow\" href=\"https:\/\/nutritionhealthfoundation.ch\/de\/zertifizierung\/\">Mehr erfahren<\/a><\/p>\n<a class=\"button primary is-link lowercase button-arrow hidden\" >\n\t\t<span><\/span>\n\t<\/a>\n\n\n\n\t\t\t<\/div>\n\t\t<\/div>\n\t<\/div>\n\t\n\n\t\t<\/div>\n\t\t\t\t\t<\/div>\n\n\t\n\n<\/div>\n\n\t\t<\/div>\n\n\t\t\n<style>\n#section_1876034497 {\n  padding-top: 0px;\n  padding-bottom: 0px;\n}\n<\/style>\n\t<\/section>\n\t\n\n\t<section class=\"section\" id=\"section_2057413858\">\n\t\t<div class=\"section-bg fill\" >\n\t\t\t\t\t\t\t\t\t\n\t\t\t\n\n\t\t<\/div>\n\n\t\t\n\n\t\t<div class=\"section-content relative\">\n\t\t\t\n\n<div class=\"row row-large\"  id=\"row-584225798\">\n\n\n\t<div id=\"col-1056556846\" class=\"col medium-4 small-12 large-4\"  >\n\t\t\t\t<div class=\"col-inner\"  >\n\t\t\t\n\t\t\t\n\n<h3>Fachkompetenz und Projekte<\/h3>\n<p>Wir bieten ein \u201eOne-Stop-Shop&#8220;-Labor, das Ihnen von der Findung eines Produktes \u00fcber die Qualifizierung bis hin zur Zertifizierung zur Seite steht. Unser Expertenteam und unser Netzwerk werden Ihren Anforderungen f\u00fcr schnelle und wissenschaftlich fundierte Innovation in den Bereichen Ern\u00e4hrung und Kosmetik gerecht.<\/p>\n<a href=\"https:\/\/nutritionhealthfoundation.ch\/de\/angebot-b2b\/\" class=\"button secondary is-underline is-small expand right\" >\n\t\t<span>Mehr erfahren<\/span>\n\t<\/a>\n\n\n\n\t\t<\/div>\n\t\t\t\t\t<\/div>\n\n\t\n\n\t<div id=\"col-154602296\" class=\"col medium-8 small-12 large-8 small-col-first\"  >\n\t\t\t\t<div class=\"col-inner\"  >\n\t\t\t\n\t\t\t\n\n\t<div id=\"gap-591506657\" class=\"gap-element clearfix hide-for-small\" style=\"display:block; height:auto;\">\n\t\t\n<style>\n#gap-591506657 {\n  padding-top: 4.3em;\n}\n<\/style>\n\t<\/div>\n\t\n\n\t<div class=\"img has-hover x md-x lg-x y md-y lg-y\" id=\"image_1536427966\">\n\t\t\t\t\t\t\t\t<div class=\"img-inner dark\" >\n\t\t\t<img decoding=\"async\" width=\"1020\" height=\"681\" data-src=\"https:\/\/nutritionhealthfoundation.ch\/wp-content\/uploads\/swissnutrition-banner-chromatography-setup-01-1200x801.jpg\" class=\"attachment-large size-large lazyload\" alt=\"Swiss Nutrition and Health Nutrients Analysis\" data-srcset=\"https:\/\/nutritionhealthfoundation.ch\/wp-content\/uploads\/swissnutrition-banner-chromatography-setup-01-1200x801.jpg 1200w, https:\/\/nutritionhealthfoundation.ch\/wp-content\/uploads\/swissnutrition-banner-chromatography-setup-01-800x534.jpg 800w, https:\/\/nutritionhealthfoundation.ch\/wp-content\/uploads\/swissnutrition-banner-chromatography-setup-01-768x513.jpg 768w, https:\/\/nutritionhealthfoundation.ch\/wp-content\/uploads\/swissnutrition-banner-chromatography-setup-01-1536x1025.jpg 1536w, https:\/\/nutritionhealthfoundation.ch\/wp-content\/uploads\/swissnutrition-banner-chromatography-setup-01.jpg 1600w\" data-sizes=\"(max-width: 1020px) 100vw, 1020px\" src=\"data:image\/svg+xml;base64,PHN2ZyB3aWR0aD0iMSIgaGVpZ2h0PSIxIiB4bWxucz0iaHR0cDovL3d3dy53My5vcmcvMjAwMC9zdmciPjwvc3ZnPg==\" style=\"--smush-placeholder-width: 1020px; --smush-placeholder-aspect-ratio: 1020\/681;\" \/>\t\t\t\t\t\t\n\t\t\t\t\t<\/div>\n\t\t\t\t\t\t\t\t\n<style>\n#image_1536427966 {\n  width: 100%;\n}\n<\/style>\n\t<\/div>\n\t\n\n\n\t\t<\/div>\n\t\t\t\t\t<\/div>\n\n\t\n\n<\/div>\n\t<div id=\"gap-2064798065\" class=\"gap-element clearfix\" style=\"display:block; height:auto;\">\n\t\t\n<style>\n#gap-2064798065 {\n  padding-top: 3em;\n}\n<\/style>\n\t<\/div>\n\t\n\n<div class=\"row row-large\"  id=\"row-1761706648\">\n\n\n\t<div id=\"col-2137837954\" class=\"col medium-4 small-12 large-4\"  >\n\t\t\t\t<div class=\"col-inner\"  >\n\t\t\t\n\t\t\t\n\n<h3>G\u00fctesiegel<\/h3>\n<p>Durch die Kombination von Fachkompetenz und v\u00f6lliger Unabh\u00e4ngigkeit ist unser Pr\u00fcfsiegel eine Garantie f\u00fcr Qualit\u00e4t und Vertrauensw\u00fcrdigkeit.<\/p>\n<a href=\"https:\/\/nutritionhealthfoundation.ch\/de\/zertifizierung\/\" class=\"button secondary is-underline is-small expand button-full-width button-full-width right\" >\n\t\t<span>Mehr erfahren<\/span>\n\t<\/a>\n\n\n\n\t\t<\/div>\n\t\t\t\t\t<\/div>\n\n\t\n\n\t<div id=\"col-319664904\" class=\"col medium-8 small-12 large-8 small-col-first\"  >\n\t\t\t\t<div class=\"col-inner\"  >\n\t\t\t\n\t\t\t\n\n\t<div id=\"gap-2058432497\" class=\"gap-element clearfix hide-for-small\" style=\"display:block; height:auto;\">\n\t\t\n<style>\n#gap-2058432497 {\n  padding-top: 4.5em;\n}\n<\/style>\n\t<\/div>\n\t\n\n\t<div class=\"img has-hover x md-x lg-x y md-y lg-y\" id=\"image_853680756\">\n\t\t\t\t\t\t\t\t<div class=\"img-inner dark\" >\n\t\t\t<img decoding=\"async\" width=\"1020\" height=\"574\" data-src=\"https:\/\/nutritionhealthfoundation.ch\/wp-content\/uploads\/produits-1400x788.jpg\" class=\"attachment-large size-large lazyload\" alt=\"\" data-srcset=\"https:\/\/nutritionhealthfoundation.ch\/wp-content\/uploads\/produits-1400x788.jpg 1400w, https:\/\/nutritionhealthfoundation.ch\/wp-content\/uploads\/produits-800x450.jpg 800w, https:\/\/nutritionhealthfoundation.ch\/wp-content\/uploads\/produits-768x432.jpg 768w, https:\/\/nutritionhealthfoundation.ch\/wp-content\/uploads\/produits-1536x864.jpg 1536w, https:\/\/nutritionhealthfoundation.ch\/wp-content\/uploads\/produits.jpg 1600w\" data-sizes=\"(max-width: 1020px) 100vw, 1020px\" src=\"data:image\/svg+xml;base64,PHN2ZyB3aWR0aD0iMSIgaGVpZ2h0PSIxIiB4bWxucz0iaHR0cDovL3d3dy53My5vcmcvMjAwMC9zdmciPjwvc3ZnPg==\" style=\"--smush-placeholder-width: 1020px; --smush-placeholder-aspect-ratio: 1020\/574;\" \/>\t\t\t\t\t\t\n\t\t\t\t\t<\/div>\n\t\t\t\t\t\t\t\t\n<style>\n#image_853680756 {\n  width: 100%;\n}\n<\/style>\n\t<\/div>\n\t\n\n\n\t\t<\/div>\n\t\t\t\t\t<\/div>\n\n\t\n\n<\/div>\n\n\t\t<\/div>\n\n\t\t\n<style>\n#section_2057413858 {\n  padding-top: 3em;\n  padding-bottom: 3em;\n}\n@media (min-width:550px) {\n  #section_2057413858 {\n    padding-top: 15vh;\n    padding-bottom: 15vh;\n  }\n}\n<\/style>\n\t<\/section>\n\t\n\n\n\t<section class=\"section\" id=\"section_1193241736\">\n\t\t<div class=\"section-bg fill\" >\n\t\t\t\t\t\t\t\t\t\n\t\t\t\n\n\t\t<\/div>\n\n\t\t\n\n\t\t<div class=\"section-content relative\">\n\t\t\t\n\n\n\t<section class=\"section\" id=\"section_1448709563\">\n\t\t<div class=\"section-bg fill\" >\n\t\t\t\t\t\t\t\t\t\n\t\t\t\n\n\t\t<\/div>\n\n\t\t\n\n\t\t<div class=\"section-content relative\">\n\t\t\t\r\n\r\n<div class=\"row\"  id=\"row-371256467\">\r\n\r\n\n\t<div id=\"col-1554187897\" class=\"col small-12 large-12\"  >\n\t\t\t\t<div class=\"col-inner\"  >\n\t\t\t\n\t\t\t\r\n\r\n\t<div id=\"text-1256614285\" class=\"text\">\n\t\t\r\n<h2>J\u00fcngste Projekte<\/h2>\r\n\t\t\n<style>\n#text-1256614285 {\n  text-align: center;\n}\n<\/style>\n\t<\/div>\n\t\r\n\t<div id=\"gap-865905243\" class=\"gap-element clearfix\" style=\"display:block; height:auto;\">\n\t\t\n<style>\n#gap-865905243 {\n  padding-top: 3%;\n}\n<\/style>\n\t<\/div>\n\t\r\n\r\n<div class=\"row\"  id=\"row-722165258\">\r\n\r\n\n\t<div id=\"col-36286370\" class=\"col small-12 large-12\"  >\n\t\t\t\t<div class=\"col-inner\"  >\n\t\t\t\n\t\t\t\r\n\r\n<div id=\"portfolio-522208262\" class=\"portfolio-element-wrapper has-filtering\">\n  \n    <div class=\"row large-columns-3 medium-columns- small-columns-2 row-small\" >\n    <div class=\"col\" data-terms=\"\" >\n          <div class=\"col-inner\" >\n          <a href=\"http:\/\/nutritionhealthfoundation.ch\/de\/projets\/vitamin-d-in-manche-fischsorten-im-genfersee\/\" class=\"plain \">\n          <div class=\"portfolio-box box has-hover box-normal\">\n            <div class=\"box-image\" >\n                <div class=\"image-zoom image-cover\" style=\"padding-top:56.25%;\">\n                <img decoding=\"async\" width=\"300\" height=\"193\" data-src=\"https:\/\/nutritionhealthfoundation.ch\/wp-content\/uploads\/PoissonsDesLacs-300x193.jpg\" class=\"attachment-medium size-medium lazyload\" alt=\"\" data-srcset=\"https:\/\/nutritionhealthfoundation.ch\/wp-content\/uploads\/PoissonsDesLacs-300x193.jpg 300w, https:\/\/nutritionhealthfoundation.ch\/wp-content\/uploads\/PoissonsDesLacs-1024x659.jpg 1024w, https:\/\/nutritionhealthfoundation.ch\/wp-content\/uploads\/PoissonsDesLacs-768x495.jpg 768w, https:\/\/nutritionhealthfoundation.ch\/wp-content\/uploads\/PoissonsDesLacs-1536x989.jpg 1536w, https:\/\/nutritionhealthfoundation.ch\/wp-content\/uploads\/PoissonsDesLacs.jpg 1567w\" data-sizes=\"(max-width: 300px) 100vw, 300px\" src=\"data:image\/svg+xml;base64,PHN2ZyB3aWR0aD0iMSIgaGVpZ2h0PSIxIiB4bWxucz0iaHR0cDovL3d3dy53My5vcmcvMjAwMC9zdmciPjwvc3ZnPg==\" style=\"--smush-placeholder-width: 300px; --smush-placeholder-aspect-ratio: 300\/193;\" \/>                                                <\/div>\n            <\/div>\n            <div class=\"box-text text-left\" >\n                  <div class=\"box-text-inner\">\n                      <h6 class=\"uppercase portfolio-box-title\">Vitamin D in manchen Fischsorten im Genfersee<\/h6>\n                      <p class=\"uppercase portfolio-box-category is-xsmall op-6\">\n                        <span class=\"show-on-hover\">\n                                                 <\/span>\n                      <\/p>\n                  <\/div>\n            <\/div>\n           <\/div>\n           <\/a>\n           <\/div>\n           <\/div><div class=\"col\" data-terms=\"\" >\n          <div class=\"col-inner\" >\n          <a href=\"http:\/\/nutritionhealthfoundation.ch\/de\/projets\/landesweite-studie-zur-untersuchung-des-ernaehrungsstatus-von-kindern-und-jugendlichen\/\" class=\"plain \">\n          <div class=\"portfolio-box box has-hover box-normal\">\n            <div class=\"box-image\" >\n                <div class=\"image-zoom image-cover\" style=\"padding-top:56.25%;\">\n                <img decoding=\"async\" width=\"800\" height=\"533\" data-src=\"https:\/\/nutritionhealthfoundation.ch\/wp-content\/uploads\/Fille-pasteque-800x533-1.webp\" class=\"attachment-medium size-medium lazyload\" alt=\"\" data-srcset=\"https:\/\/nutritionhealthfoundation.ch\/wp-content\/uploads\/Fille-pasteque-800x533-1.webp 800w, https:\/\/nutritionhealthfoundation.ch\/wp-content\/uploads\/Fille-pasteque-800x533-1-768x512.webp 768w\" data-sizes=\"(max-width: 800px) 100vw, 800px\" src=\"data:image\/svg+xml;base64,PHN2ZyB3aWR0aD0iMSIgaGVpZ2h0PSIxIiB4bWxucz0iaHR0cDovL3d3dy53My5vcmcvMjAwMC9zdmciPjwvc3ZnPg==\" style=\"--smush-placeholder-width: 800px; --smush-placeholder-aspect-ratio: 800\/533;\" \/>                                                <\/div>\n            <\/div>\n            <div class=\"box-text text-left\" >\n                  <div class=\"box-text-inner\">\n                      <h6 class=\"uppercase portfolio-box-title\">Landesweite Studie zur Untersuchung des Ern\u00e4hrungsstatus von Kindern und Jugendlichen<\/h6>\n                      <p class=\"uppercase portfolio-box-category is-xsmall op-6\">\n                        <span class=\"show-on-hover\">\n                                                 <\/span>\n                      <\/p>\n                  <\/div>\n            <\/div>\n           <\/div>\n           <\/a>\n           <\/div>\n           <\/div><div class=\"col\" data-terms=\"\" >\n          <div class=\"col-inner\" >\n          <a href=\"http:\/\/nutritionhealthfoundation.ch\/de\/projets\/europaeisches-projekt-nutrishield-zur-analyse-von-muttermilch\/\" class=\"plain \">\n          <div class=\"portfolio-box box has-hover box-normal\">\n            <div class=\"box-image\" >\n                <div class=\"image-zoom image-cover\" style=\"padding-top:56.25%;\">\n                <img decoding=\"async\" width=\"800\" height=\"450\" data-src=\"https:\/\/nutritionhealthfoundation.ch\/wp-content\/uploads\/nutrishield-800x450.jpeg\" class=\"attachment-medium size-medium lazyload\" alt=\"\" data-srcset=\"https:\/\/nutritionhealthfoundation.ch\/wp-content\/uploads\/nutrishield-800x450.jpeg 800w, https:\/\/nutritionhealthfoundation.ch\/wp-content\/uploads\/nutrishield-768x432.jpeg 768w, https:\/\/nutritionhealthfoundation.ch\/wp-content\/uploads\/nutrishield.jpeg 1200w\" data-sizes=\"(max-width: 800px) 100vw, 800px\" src=\"data:image\/svg+xml;base64,PHN2ZyB3aWR0aD0iMSIgaGVpZ2h0PSIxIiB4bWxucz0iaHR0cDovL3d3dy53My5vcmcvMjAwMC9zdmciPjwvc3ZnPg==\" style=\"--smush-placeholder-width: 800px; --smush-placeholder-aspect-ratio: 800\/450;\" \/>                                                <\/div>\n            <\/div>\n            <div class=\"box-text text-left\" >\n                  <div class=\"box-text-inner\">\n                      <h6 class=\"uppercase portfolio-box-title\">Europ\u00e4isches Projekt Nutrishield zur Analyse von Muttermilch<\/h6>\n                      <p class=\"uppercase portfolio-box-category is-xsmall op-6\">\n                        <span class=\"show-on-hover\">\n                                                 <\/span>\n                      <\/p>\n                  <\/div>\n            <\/div>\n           <\/div>\n           <\/a>\n           <\/div>\n           <\/div><\/div><\/div>\r\n\r\n\t\t<\/div>\n\t\t\t\t\t<\/div>\n\n\t\r\n\r\n<\/div>\r\n\r\n\t\t<\/div>\n\t\t\t\t\t<\/div>\n\n\t\r\n\r\n<\/div>\r\n\r\n\t\t<\/div>\n\n\t\t\n<style>\n#section_1448709563 {\n  padding-top: 0px;\n  padding-bottom: 0px;\n}\n<\/style>\n\t<\/section>\n\t\n\n\n\t\t<\/div>\n\n\t\t\n<style>\n#section_1193241736 {\n  padding-top: 10vh;\n  padding-bottom: 10vh;\n}\n<\/style>\n\t<\/section>\n\t\n\n","protected":false},"excerpt":{"rendered":"","protected":false},"author":1,"featured_media":29407,"parent":0,"menu_order":0,"comment_status":"closed","ping_status":"closed","template":"","meta":{"inline_featured_image":false,"footnotes":""},"class_list":["post-30005","page","type-page","status-publish","has-post-thumbnail","hentry"],"_links":{"self":[{"href":"https:\/\/nutritionhealthfoundation.ch\/de\/wp-json\/wp\/v2\/pages\/30005","targetHints":{"allow":["GET"]}}],"collection":[{"href":"https:\/\/nutritionhealthfoundation.ch\/de\/wp-json\/wp\/v2\/pages"}],"about":[{"href":"https:\/\/nutritionhealthfoundation.ch\/de\/wp-json\/wp\/v2\/types\/page"}],"author":[{"embeddable":true,"href":"https:\/\/nutritionhealthfoundation.ch\/de\/wp-json\/wp\/v2\/users\/1"}],"replies":[{"embeddable":true,"href":"https:\/\/nutritionhealthfoundation.ch\/de\/wp-json\/wp\/v2\/comments?post=30005"}],"version-history":[{"count":0,"href":"https:\/\/nutritionhealthfoundation.ch\/de\/wp-json\/wp\/v2\/pages\/30005\/revisions"}],"wp:featuredmedia":[{"embeddable":true,"href":"https:\/\/nutritionhealthfoundation.ch\/de\/wp-json\/wp\/v2\/media\/29407"}],"wp:attachment":[{"href":"https:\/\/nutritionhealthfoundation.ch\/de\/wp-json\/wp\/v2\/media?parent=30005"}],"curies":[{"name":"wp","href":"https:\/\/api.w.org\/{rel}","templated":true}]}}